{"id":7507,"date":"2016-03-10T18:51:46","date_gmt":"2016-03-10T18:51:46","guid":{"rendered":"https:\/\/www.interimmoagency.com\/legal-notices\/"},"modified":"2026-01-07T16:52:49","modified_gmt":"2026-01-07T16:52:49","slug":"legal-notices","status":"publish","type":"page","link":"https:\/\/www.interimmoagency.com\/en\/legal-notices\/","title":{"rendered":"Legal notices"},"content":{"rendered":"\t\t<div data-elementor-type=\"wp-page\" data-elementor-id=\"7507\" class=\"elementor elementor-7507 elementor-745\">\n\t\t\t\t<div class=\"elementor-element elementor-element-34fbe28 e-flex e-con-boxed e-con e-parent\" data-id=\"34fbe28\" data-element_type=\"container\" data-e-type=\"container\">\n\t\t\t\t\t<div class=\"e-con-inner\">\n\t\t\t\t<div class=\"elementor-element elementor-element-d0b26f2 elementor-widget elementor-widget-houzez_elementor_space\" data-id=\"d0b26f2\" data-element_type=\"widget\" data-e-type=\"widget\" data-widget_type=\"houzez_elementor_space.default\">\n\t\t\t\t<div class=\"elementor-widget-container\">\n\t\t\t\t\t        <div class=\"houzez-spacer\">\n            <div class=\"houzez-spacer-inner\"><\/div>\n        <\/div>\n        \t\t\t\t<\/div>\n\t\t\t\t<\/div>\n\t\t\t\t<div class=\"elementor-element elementor-element-ca62709 elementor-widget elementor-widget-heading\" data-id=\"ca62709\" data-element_type=\"widget\" data-e-type=\"widget\" data-widget_type=\"heading.default\">\n\t\t\t\t\t<h1 class=\"elementor-heading-title elementor-size-default\">Legal notices<\/h1>\t\t\t\t<\/div>\n\t\t\t\t<div class=\"elementor-element elementor-element-6650bc4 elementor-widget elementor-widget-text-editor\" data-id=\"6650bc4\" data-element_type=\"widget\" data-e-type=\"widget\" data-widget_type=\"text-editor.default\">\n\t\t\t\t\t\t\t\t\t<p><strong>Raison sociale<\/strong><br>L&#8217;Immobilier International Agency<br>Forme juridique : SARL<br>Capital : 10 000 \u20ac<br>Si\u00e8ge social : Place du Port, 24150 LIMEUIL<br>SIRET : 49538684900014<br>T\u00e9l\u00e9phone : 05.53.22.02.86<br>Directeur de la publication : Roland de Jong<br>Num\u00e9ro de la carte pro : CPI 2402 2016 000 010 855<br>Date de la carte pro : 16\/08\/2016<br>D\u00e9livr\u00e9e par : CCI Dordogne<br>Info caisse de garantie : SOCAF SOCAF, 26 Avenue Suffren 75015 PARIS<br>Transaction immobili\u00e8re sur immeuble et fonds de commerce : 110000.00 \u20ac<br>TVA intercommunautaire : FR85495386849<\/p>\n<p><strong>Fee schedule<\/strong><br><em>Agency Fees<\/em><br><em>Makelaars commissies<\/em><br>PS : effective as of November 1, 2018. Previous mandates are contractually subject to the old scale until they are renewed.<\/p>\n<p><b>Amount of the property \/ Commission per tranche<\/b><\/p>\n<p>Up to \u20ac100,000 between 15% and 8.6% including tax<br>\u20ac100,001 to \u20ac200,000 between 8.5% and 7.6% including tax<br>\u20ac200,001 to \u20ac300,000 between 7.5% and 6.6% including tax<br>\u20ac300,001 to \u20ac400,000 between 6.5% and 6.1% including tax<br>\u20ac400,001 to \u20ac500,000 between 6.0% and 5.6% including tax<br>\u20ac500,001 to \u20ac700,000 between 5.5% and 5.1% including tax<br>\u20ac700,001 to \u20ac900,000 between 5.0% and 4.6% including tax<br>\u20ac900,001 to \u20ac1,400,000 between 4.5% and 3.6% including tax<br>\u20ac1,400,001 to \u20ac1,700,000 between 3.5% and 3.0% including tax<br>+ \u20ac1,700,001 3.0% including tax<\/p>\n<p><strong>Hosting<\/strong><br>OVH<br>SAS with capital of \u20ac10,069,020<br>RCS Lille M\u00e9tropole 424 761 419 00045<br>APE code 2620Z<br>VAT number: FR 22 424 761 419<br>Head office: 2 rue Kellermann &#8211; 59100 Roubaix &#8211; France<\/p>\n<p><strong>Navigation<\/strong><br>Pour une utilisation optimale de notre site internet, nous vous recommandons d&#8217;utiliser les versions les plus r\u00e9centes des navigateurs Google Chrome, Mozilla Firefox ou Safari (sur environnement Apple).<\/p>\n<p><b>Restrictions<\/b><br>L&#8217;Immobilier International Agency LLC cannot be held liable for any errors in prices, descriptions, images, or any other inaccuracies in the advertisements on this website. The same applies to the legal availability of the goods listed in the advertisements.<\/p>\n<p><strong>Intellectual property<\/strong><br>All documents, including text, audio, video, or other materials (whether directly visible or invisible, such as page code) published on this website and managed by L&#8217;Immobilier International Agency, as well as graphic elements and interfaces, are the property of their respective authors and are made available to the public for consultation purposes only. This entire production is therefore protected by copyright as defined in the Intellectual Property Code.<\/p>\n<p><strong>Simulation tools<\/strong><br>Simulation tools are available to users of the site to provide them with an approximate estimate based on the calculated values. These calculations cannot be guaranteed to be accurate, and users should consider the results with discernment and critical analysis.<\/p>\n<p>Protection of personal data<br>This website collects personal information provided by users when they visit the site.<\/p>\n<p>This collection enables us to compile general statistics on website traffic and to send responses, information about users&#8217; real estate projects, or advertisements from the publisher to the email addresses provided by users.<br>The collection and processing of personal information on the internet must be carried out in accordance with fundamental human rights. Consequently, the publisher undertakes to comply with Law No. 2004-575 of June 21, 2004 on confidence in the digital economy and the European General Data Protection Regulation.<br>All users of the site have the right to access, modify, rectify, or delete personal data concerning them. They may exercise these rights by contacting the publisher using the contact details provided at the top of the page.<br>To facilitate the exercise of these rights, users of the site may unsubscribe by clicking on the unsubscribe hyperlinks in the emails sent to them. Computers connecting to the site&#8217;s servers receive one or more very small text files on their hard drives, commonly referred to as \u201ccookies.\u201d<br>Cookies record information relating to browsing on the site from the computer on which the cookie is stored (pages viewed, date and time of viewing, etc.). They enable the identification of successive visits made from the same computer. People connected to the site are free to refuse the storage of cookies. In this regard, they can use the corresponding features on their browser. However, the publisher draws users&#8217; attention to the fact that, in such cases, access to certain services on the site may be impaired or even impossible.<\/p>\n<p>Security of exchanges<br>The site publisher undertakes to take all legal and technical measures to secure exchanges. The publisher undertakes to use its best efforts to prevent data misuse and to comply with applicable regulations. Nevertheless, users of the site are aware of the technical characteristics of the Internet and the risks associated with it. Consequently, the publisher cannot guarantee its users that the data exchanged via the services offered by the site will not be collected fraudulently by third parties.<\/p>\n<p><strong>General Data Protection Regulation (GDPR)<\/strong><br>The information provided in the form is stored in a file hosted by Sarl L&#8217;Immobilier International Agency so that it can assist you with your real estate project in accordance with your request.<br>You have the right to access, correct, or delete the data you have provided at any time by sending a request to SARL L&#8217;Immobilier International Agency via their contact form.<br>The website publisher will then communicate, correct, or delete your data. We remind you that there is a Bloctel do-not-call list that you can register with, accessible at <a href=\"https:\/\/www.bloctel.gouv.fr\/\" target=\"_blank\" rel=\"noopener\">https:\/\/www.bloctel.gouv.fr\/.<\/a><\/p>\t\t\t\t\t\t\t\t<\/div>\n\t\t\t\t<div class=\"elementor-element elementor-element-fbbe306 elementor-widget elementor-widget-houzez_elementor_space\" data-id=\"fbbe306\" data-element_type=\"widget\" data-e-type=\"widget\" data-widget_type=\"houzez_elementor_space.default\">\n\t\t\t\t<div class=\"elementor-widget-container\">\n\t\t\t\t\t        <div class=\"houzez-spacer\">\n            <div class=\"houzez-spacer-inner\"><\/div>\n        <\/div>\n        \t\t\t\t<\/div>\n\t\t\t\t<\/div>\n\t\t\t\t\t<\/div>\n\t\t\t\t<\/div>\n\t\t\t\t<\/div>\n\t\t","protected":false},"excerpt":{"rendered":"<p>Legal notices Raison socialeL&#8217;Immobilier International AgencyForme juridique : SARLCapital : 10 000 \u20acSi\u00e8ge social : Place du Port, 24150 LIMEUILSIRET : 49538684900014T\u00e9l\u00e9phone : 05.53.22.02.86Directeur de la publication : Roland de JongNum\u00e9ro de la carte pro : CPI 2402 2016 000 010 855Date de la carte pro : 16\/08\/2016D\u00e9livr\u00e9e par : CCI DordogneInfo caisse de garantie [&hellip;]<\/p>\n","protected":false},"author":3,"featured_media":0,"parent":0,"menu_order":0,"comment_status":"closed","ping_status":"closed","template":"elementor_header_footer","meta":{"footnotes":""},"class_list":["post-7507","page","type-page","status-publish","hentry"],"yoast_head":"<!-- This site is optimized with the Yoast SEO plugin v27.3 - https:\/\/yoast.com\/product\/yoast-seo-wordpress\/ -->\n<title>Legal notices | Immobilier International Agency<\/title>\n<meta name=\"robots\" content=\"noindex, follow\" \/>\n<meta property=\"og:locale\" content=\"en_US\" \/>\n<meta property=\"og:type\" content=\"article\" \/>\n<meta property=\"og:title\" content=\"Legal notices | Immobilier International Agency\" \/>\n<meta property=\"og:description\" content=\"Legal notices Raison socialeL&#8217;Immobilier International AgencyForme juridique : SARLCapital : 10 000 \u20acSi\u00e8ge social : Place du Port, 24150 LIMEUILSIRET : 49538684900014T\u00e9l\u00e9phone : 05.53.22.02.86Directeur de la publication : Roland de JongNum\u00e9ro de la carte pro : CPI 2402 2016 000 010 855Date de la carte pro : 16\/08\/2016D\u00e9livr\u00e9e par : CCI DordogneInfo caisse de garantie [&hellip;]\" \/>\n<meta property=\"og:url\" content=\"https:\/\/www.interimmoagency.com\/en\/legal-notices\/\" \/>\n<meta property=\"og:site_name\" content=\"Immobilier International Agency\" \/>\n<meta property=\"article:publisher\" content=\"https:\/\/www.facebook.com\/interimmoagency\" \/>\n<meta property=\"article:modified_time\" content=\"2026-01-07T16:52:49+00:00\" \/>\n<meta name=\"twitter:card\" content=\"summary_large_image\" \/>\n<meta name=\"twitter:label1\" content=\"Est. reading time\" \/>\n\t<meta name=\"twitter:data1\" content=\"4 minutes\" \/>\n<script type=\"application\/ld+json\" class=\"yoast-schema-graph\">{\"@context\":\"https:\\\/\\\/schema.org\",\"@graph\":[{\"@type\":\"WebPage\",\"@id\":\"https:\\\/\\\/www.interimmoagency.com\\\/en\\\/legal-notices\\\/\",\"url\":\"https:\\\/\\\/www.interimmoagency.com\\\/en\\\/legal-notices\\\/\",\"name\":\"Legal notices | Immobilier International Agency\",\"isPartOf\":{\"@id\":\"https:\\\/\\\/www.interimmoagency.com\\\/en\\\/#website\"},\"datePublished\":\"2016-03-10T18:51:46+00:00\",\"dateModified\":\"2026-01-07T16:52:49+00:00\",\"breadcrumb\":{\"@id\":\"https:\\\/\\\/www.interimmoagency.com\\\/en\\\/legal-notices\\\/#breadcrumb\"},\"inLanguage\":\"en-US\",\"potentialAction\":[{\"@type\":\"ReadAction\",\"target\":[\"https:\\\/\\\/www.interimmoagency.com\\\/en\\\/legal-notices\\\/\"]}]},{\"@type\":\"BreadcrumbList\",\"@id\":\"https:\\\/\\\/www.interimmoagency.com\\\/en\\\/legal-notices\\\/#breadcrumb\",\"itemListElement\":[{\"@type\":\"ListItem\",\"position\":1,\"name\":\"Home\",\"item\":\"https:\\\/\\\/www.interimmoagency.com\\\/en\\\/\"},{\"@type\":\"ListItem\",\"position\":2,\"name\":\"Legal notices\"}]},{\"@type\":\"WebSite\",\"@id\":\"https:\\\/\\\/www.interimmoagency.com\\\/en\\\/#website\",\"url\":\"https:\\\/\\\/www.interimmoagency.com\\\/en\\\/\",\"name\":\"L'Immobilier International Agency\",\"description\":\"Votre agence immobili\u00e8re en Dordogne &amp; P\u00e9rigord\",\"publisher\":{\"@id\":\"https:\\\/\\\/www.interimmoagency.com\\\/en\\\/#organization\"},\"potentialAction\":[{\"@type\":\"SearchAction\",\"target\":{\"@type\":\"EntryPoint\",\"urlTemplate\":\"https:\\\/\\\/www.interimmoagency.com\\\/en\\\/?s={search_term_string}\"},\"query-input\":{\"@type\":\"PropertyValueSpecification\",\"valueRequired\":true,\"valueName\":\"search_term_string\"}}],\"inLanguage\":\"en-US\"},{\"@type\":\"Organization\",\"@id\":\"https:\\\/\\\/www.interimmoagency.com\\\/en\\\/#organization\",\"name\":\"Immobilier International Agency\",\"url\":\"https:\\\/\\\/www.interimmoagency.com\\\/en\\\/\",\"logo\":{\"@type\":\"ImageObject\",\"inLanguage\":\"en-US\",\"@id\":\"https:\\\/\\\/www.interimmoagency.com\\\/en\\\/#\\\/schema\\\/logo\\\/image\\\/\",\"url\":\"https:\\\/\\\/www.interimmoagency.com\\\/wp-content\\\/uploads\\\/2025\\\/12\\\/L-Immobilier-International-Agency-logo-pt.png\",\"contentUrl\":\"https:\\\/\\\/www.interimmoagency.com\\\/wp-content\\\/uploads\\\/2025\\\/12\\\/L-Immobilier-International-Agency-logo-pt.png\",\"width\":500,\"height\":303,\"caption\":\"Immobilier International Agency\"},\"image\":{\"@id\":\"https:\\\/\\\/www.interimmoagency.com\\\/en\\\/#\\\/schema\\\/logo\\\/image\\\/\"},\"sameAs\":[\"https:\\\/\\\/www.facebook.com\\\/interimmoagency\",\"https:\\\/\\\/www.linkedin.com\\\/company\\\/val-ville-immobilier\\\/\"]}]}<\/script>\n<!-- \/ Yoast SEO plugin. -->","yoast_head_json":{"title":"Legal notices | Immobilier International Agency","robots":{"index":"noindex","follow":"follow"},"og_locale":"en_US","og_type":"article","og_title":"Legal notices | Immobilier International Agency","og_description":"Legal notices Raison socialeL&#8217;Immobilier International AgencyForme juridique : SARLCapital : 10 000 \u20acSi\u00e8ge social : Place du Port, 24150 LIMEUILSIRET : 49538684900014T\u00e9l\u00e9phone : 05.53.22.02.86Directeur de la publication : Roland de JongNum\u00e9ro de la carte pro : CPI 2402 2016 000 010 855Date de la carte pro : 16\/08\/2016D\u00e9livr\u00e9e par : CCI DordogneInfo caisse de garantie [&hellip;]","og_url":"https:\/\/www.interimmoagency.com\/en\/legal-notices\/","og_site_name":"Immobilier International Agency","article_publisher":"https:\/\/www.facebook.com\/interimmoagency","article_modified_time":"2026-01-07T16:52:49+00:00","twitter_card":"summary_large_image","twitter_misc":{"Est. reading time":"4 minutes"},"schema":{"@context":"https:\/\/schema.org","@graph":[{"@type":"WebPage","@id":"https:\/\/www.interimmoagency.com\/en\/legal-notices\/","url":"https:\/\/www.interimmoagency.com\/en\/legal-notices\/","name":"Legal notices | Immobilier International Agency","isPartOf":{"@id":"https:\/\/www.interimmoagency.com\/en\/#website"},"datePublished":"2016-03-10T18:51:46+00:00","dateModified":"2026-01-07T16:52:49+00:00","breadcrumb":{"@id":"https:\/\/www.interimmoagency.com\/en\/legal-notices\/#breadcrumb"},"inLanguage":"en-US","potentialAction":[{"@type":"ReadAction","target":["https:\/\/www.interimmoagency.com\/en\/legal-notices\/"]}]},{"@type":"BreadcrumbList","@id":"https:\/\/www.interimmoagency.com\/en\/legal-notices\/#breadcrumb","itemListElement":[{"@type":"ListItem","position":1,"name":"Home","item":"https:\/\/www.interimmoagency.com\/en\/"},{"@type":"ListItem","position":2,"name":"Legal notices"}]},{"@type":"WebSite","@id":"https:\/\/www.interimmoagency.com\/en\/#website","url":"https:\/\/www.interimmoagency.com\/en\/","name":"L'Immobilier International Agency","description":"Votre agence immobili\u00e8re en Dordogne &amp; P\u00e9rigord","publisher":{"@id":"https:\/\/www.interimmoagency.com\/en\/#organization"},"potentialAction":[{"@type":"SearchAction","target":{"@type":"EntryPoint","urlTemplate":"https:\/\/www.interimmoagency.com\/en\/?s={search_term_string}"},"query-input":{"@type":"PropertyValueSpecification","valueRequired":true,"valueName":"search_term_string"}}],"inLanguage":"en-US"},{"@type":"Organization","@id":"https:\/\/www.interimmoagency.com\/en\/#organization","name":"Immobilier International Agency","url":"https:\/\/www.interimmoagency.com\/en\/","logo":{"@type":"ImageObject","inLanguage":"en-US","@id":"https:\/\/www.interimmoagency.com\/en\/#\/schema\/logo\/image\/","url":"https:\/\/www.interimmoagency.com\/wp-content\/uploads\/2025\/12\/L-Immobilier-International-Agency-logo-pt.png","contentUrl":"https:\/\/www.interimmoagency.com\/wp-content\/uploads\/2025\/12\/L-Immobilier-International-Agency-logo-pt.png","width":500,"height":303,"caption":"Immobilier International Agency"},"image":{"@id":"https:\/\/www.interimmoagency.com\/en\/#\/schema\/logo\/image\/"},"sameAs":["https:\/\/www.facebook.com\/interimmoagency","https:\/\/www.linkedin.com\/company\/val-ville-immobilier\/"]}]}},"_links":{"self":[{"href":"https:\/\/www.interimmoagency.com\/en\/wp-json\/wp\/v2\/pages\/7507","targetHints":{"allow":["GET"]}}],"collection":[{"href":"https:\/\/www.interimmoagency.com\/en\/wp-json\/wp\/v2\/pages"}],"about":[{"href":"https:\/\/www.interimmoagency.com\/en\/wp-json\/wp\/v2\/types\/page"}],"author":[{"embeddable":true,"href":"https:\/\/www.interimmoagency.com\/en\/wp-json\/wp\/v2\/users\/3"}],"replies":[{"embeddable":true,"href":"https:\/\/www.interimmoagency.com\/en\/wp-json\/wp\/v2\/comments?post=7507"}],"version-history":[{"count":1,"href":"https:\/\/www.interimmoagency.com\/en\/wp-json\/wp\/v2\/pages\/7507\/revisions"}],"predecessor-version":[{"id":7508,"href":"https:\/\/www.interimmoagency.com\/en\/wp-json\/wp\/v2\/pages\/7507\/revisions\/7508"}],"wp:attachment":[{"href":"https:\/\/www.interimmoagency.com\/en\/wp-json\/wp\/v2\/media?parent=7507"}],"curies":[{"name":"wp","href":"https:\/\/api.w.org\/{rel}","templated":true}]}}